{"id":4261,"date":"2025-06-24T18:14:21","date_gmt":"2025-06-24T16:14:21","guid":{"rendered":"https:\/\/mypbnmodel.com\/?page_id=4261"},"modified":"2025-06-24T18:18:56","modified_gmt":"2025-06-24T16:18:56","slug":"mentions-legales","status":"publish","type":"page","link":"https:\/\/statut-juridique-entreprise.fr\/blog\/mentions-legales\/","title":{"rendered":"Mentions l\u00e9gales"},"content":{"rendered":"\n<h2 class=\"wp-block-heading\">\ud83d\udcc4 Mentions l\u00e9gales<\/h2>\n\n\n\n<p>Conform\u00e9ment aux dispositions des articles 6-III et 19 de la Loi n\u00b02004-575 du 21 juin 2004 pour la Confiance dans l\u2019\u00c9conomie Num\u00e9rique (LCEN), il est port\u00e9 \u00e0 la connaissance des utilisateurs et visiteurs du site [<strong>nomdusite.com<\/strong>] les pr\u00e9sentes mentions l\u00e9gales.<\/p>\n\n\n\n<hr class=\"wp-block-separator has-alpha-channel-opacity\"\/>\n\n\n\n<h3 class=\"wp-block-heading\">1. \u00c9diteur du site<\/h3>\n\n\n\n<ul class=\"wp-block-list\">\n<li><strong>Nom de l&rsquo;\u00e9diteur<\/strong> : Julien Toure<\/li>\n\n\n\n<li><strong>Statut juridique<\/strong> : Micro-entreprise<\/li>\n\n\n\n<li><strong>Adresse<\/strong> : adresse disponible sur demande<\/li>\n\n\n\n<li><strong>SIRET<\/strong> : 89947911700017<\/li>\n\n\n\n<li><strong>Responsable de la publication<\/strong> : Julien Toure<\/li>\n\n\n\n<li><strong>Contact<\/strong> : julien2re(arobase)gmail(point)com<\/li>\n<\/ul>\n\n\n\n<hr class=\"wp-block-separator has-alpha-channel-opacity\"\/>\n\n\n\n<h3 class=\"wp-block-heading\">2. H\u00e9bergement<\/h3>\n\n\n\n<p>Le site est h\u00e9berg\u00e9 par :<\/p>\n\n\n\n<ul class=\"wp-block-list\">\n<li><strong>Nom de l&rsquo;h\u00e9bergeur<\/strong> : OVH<\/li>\n\n\n\n<li><strong>Adresse<\/strong> : <strong>OVH SAS<\/strong><br>2, rue Kellermann<br>59100 Roubaix<br>France<\/li>\n\n\n\n<li><strong>Site web<\/strong> : www.ovhcloud.com<\/li>\n\n\n\n<li><strong>T\u00e9l\u00e9phone<\/strong> : +33\u202f1\u202f41\u202f79\u202f80\u202f00<\/li>\n<\/ul>\n\n\n\n<hr class=\"wp-block-separator has-alpha-channel-opacity\"\/>\n\n\n\n<h3 class=\"wp-block-heading\">3. Propri\u00e9t\u00e9 intellectuelle<\/h3>\n\n\n\n<p>L&rsquo;ensemble du contenu pr\u00e9sent sur ce site (textes, images, graphismes, logos, vid\u00e9os, ic\u00f4nes, etc.) est la propri\u00e9t\u00e9 exclusive de Julien Toure sauf mention contraire.<br>Toute reproduction, repr\u00e9sentation, modification, publication, transmission, d\u00e9naturation, totale ou partielle, est strictement interdite sans autorisation pr\u00e9alable.<\/p>\n\n\n\n<hr class=\"wp-block-separator has-alpha-channel-opacity\"\/>\n\n\n\n<h3 class=\"wp-block-heading\">4. Donn\u00e9es personnelles<\/h3>\n\n\n\n<p>Ce site peut collecter des donn\u00e9es personnelles via des formulaires, cookies ou outils de mesure d\u2019audience.<br>Conform\u00e9ment au <strong>R\u00e8glement G\u00e9n\u00e9ral sur la Protection des Donn\u00e9es (RGPD)<\/strong>, vous disposez d\u2019un droit d\u2019acc\u00e8s, de rectification, de suppression ou de limitation des informations vous concernant.<br>Pour exercer ces droits, veuillez \u00e9crire \u00e0 : julien2re(arobase)gmail(point)com.<\/p>\n\n\n\n<hr class=\"wp-block-separator has-alpha-channel-opacity\"\/>\n\n\n\n<h3 class=\"wp-block-heading\">5. Cookies<\/h3>\n\n\n\n<p>Le site peut \u00eatre amen\u00e9 \u00e0 utiliser des cookies pour am\u00e9liorer l\u2019exp\u00e9rience utilisateur, mesurer l\u2019audience ou afficher des publicit\u00e9s cibl\u00e9es.<br>Vous pouvez \u00e0 tout moment refuser l\u2019utilisation de cookies en modifiant les param\u00e8tres de votre navigateur.<\/p>\n\n\n\n<hr class=\"wp-block-separator has-alpha-channel-opacity\"\/>\n\n\n\n<h3 class=\"wp-block-heading\">6. Responsabilit\u00e9<\/h3>\n\n\n\n<p>L\u2019\u00e9diteur du site ne saurait \u00eatre tenu responsable en cas d\u2019erreur, d\u2019omission ou d\u2019indisponibilit\u00e9 temporaire du service.<br>L\u2019utilisateur reconna\u00eet utiliser le site sous sa seule responsabilit\u00e9.<\/p>\n\n\n\n<hr class=\"wp-block-separator has-alpha-channel-opacity\"\/>\n\n\n\n<h3 class=\"wp-block-heading\">7. Affiliations &amp; partenariats<\/h3>\n\n\n\n<p>Ce site peut contenir des liens d&rsquo;affiliation. En tant que <strong>partenaire de programmes d\u2019affiliation (ex. Amazon, Booking, etc.)<\/strong>, nous pouvons percevoir une commission sur certains achats effectu\u00e9s via ces liens, <strong>sans co\u00fbt suppl\u00e9mentaire pour l&rsquo;utilisateur<\/strong>.<\/p>\n","protected":false},"excerpt":{"rendered":"<p>\ud83d\udcc4 Mentions l\u00e9gales Conform\u00e9ment aux dispositions des articles 6-III et 19 de la Loi n\u00b02004-575 du 21 juin 2004 pour la Confiance dans l\u2019\u00c9conomie Num\u00e9rique (LCEN), il est port\u00e9 \u00e0 la connaissance des utilisateurs et visiteurs du site [nomdusite.com] les pr\u00e9sentes mentions l\u00e9gales. 1. \u00c9diteur du site 2. H\u00e9bergement Le site est h\u00e9berg\u00e9 par :&#8230;<\/p>\n","protected":false},"author":2,"featured_media":0,"parent":0,"menu_order":0,"comment_status":"closed","ping_status":"closed","template":"","meta":{"_kadence_starter_templates_imported_post":false,"_kad_post_transparent":"","_kad_post_title":"","_kad_post_layout":"","_kad_post_sidebar_id":"","_kad_post_content_style":"","_kad_post_vertical_padding":"","_kad_post_feature":"","_kad_post_feature_position":"","_kad_post_header":false,"_kad_post_footer":false,"_kad_post_classname":"","footnotes":""},"class_list":["post-4261","page","type-page","status-publish","hentry"],"yoast_head":"<!-- This site is optimized with the Yoast SEO plugin v27.3 - https:\/\/yoast.com\/product\/yoast-seo-wordpress\/ -->\n<title>\u25b7 Mentions l\u00e9gales<\/title>\n<meta name=\"description\" content=\"Page des mentions l\u00e9gales\" \/>\n<meta name=\"robots\" content=\"index, nofollow, max-snippet:-1, max-image-preview:large, max-video-preview:-1\" \/>\n<link rel=\"canonical\" href=\"https:\/\/statut-juridique-entreprise.fr\/blog\/mentions-legales\/\" \/>\n<meta property=\"og:locale\" content=\"fr_FR\" \/>\n<meta property=\"og:type\" content=\"article\" \/>\n<meta property=\"og:title\" content=\"\u25b7 Mentions l\u00e9gales\" \/>\n<meta property=\"og:description\" content=\"Page des mentions l\u00e9gales\" \/>\n<meta property=\"og:url\" content=\"https:\/\/statut-juridique-entreprise.fr\/blog\/mentions-legales\/\" \/>\n<meta property=\"og:site_name\" content=\"Le Blog\" \/>\n<meta property=\"article:modified_time\" content=\"2025-06-24T16:18:56+00:00\" \/>\n<meta name=\"twitter:card\" content=\"summary_large_image\" \/>\n<meta name=\"twitter:label1\" content=\"Dur\u00e9e de lecture estim\u00e9e\" \/>\n\t<meta name=\"twitter:data1\" content=\"2 minutes\" \/>\n<script type=\"application\/ld+json\" class=\"yoast-schema-graph\">{\"@context\":\"https:\\\/\\\/schema.org\",\"@graph\":[{\"@type\":\"WebPage\",\"@id\":\"https:\\\/\\\/statut-juridique-entreprise.fr\\\/blog\\\/mentions-legales\\\/\",\"url\":\"https:\\\/\\\/statut-juridique-entreprise.fr\\\/blog\\\/mentions-legales\\\/\",\"name\":\"\u25b7 Mentions l\u00e9gales\",\"isPartOf\":{\"@id\":\"https:\\\/\\\/statut-juridique-entreprise.fr\\\/blog\\\/#website\"},\"datePublished\":\"2025-06-24T16:14:21+00:00\",\"dateModified\":\"2025-06-24T16:18:56+00:00\",\"description\":\"Page des mentions l\u00e9gales\",\"breadcrumb\":{\"@id\":\"https:\\\/\\\/statut-juridique-entreprise.fr\\\/blog\\\/mentions-legales\\\/#breadcrumb\"},\"inLanguage\":\"fr-FR\",\"potentialAction\":[{\"@type\":\"ReadAction\",\"target\":[\"https:\\\/\\\/statut-juridique-entreprise.fr\\\/blog\\\/mentions-legales\\\/\"]}]},{\"@type\":\"BreadcrumbList\",\"@id\":\"https:\\\/\\\/statut-juridique-entreprise.fr\\\/blog\\\/mentions-legales\\\/#breadcrumb\",\"itemListElement\":[{\"@type\":\"ListItem\",\"position\":1,\"name\":\"Accueil\",\"item\":\"https:\\\/\\\/statut-juridique-entreprise.fr\\\/blog\\\/\"},{\"@type\":\"ListItem\",\"position\":2,\"name\":\"Mentions l\u00e9gales\"}]},{\"@type\":\"WebSite\",\"@id\":\"https:\\\/\\\/statut-juridique-entreprise.fr\\\/blog\\\/#website\",\"url\":\"https:\\\/\\\/statut-juridique-entreprise.fr\\\/blog\\\/\",\"name\":\"Le Blog\",\"description\":\"Choisir le bon statut juridique\",\"publisher\":{\"@id\":\"https:\\\/\\\/statut-juridique-entreprise.fr\\\/blog\\\/#organization\"},\"potentialAction\":[{\"@type\":\"SearchAction\",\"target\":{\"@type\":\"EntryPoint\",\"urlTemplate\":\"https:\\\/\\\/statut-juridique-entreprise.fr\\\/blog\\\/?s={search_term_string}\"},\"query-input\":{\"@type\":\"PropertyValueSpecification\",\"valueRequired\":true,\"valueName\":\"search_term_string\"}}],\"inLanguage\":\"fr-FR\"},{\"@type\":\"Organization\",\"@id\":\"https:\\\/\\\/statut-juridique-entreprise.fr\\\/blog\\\/#organization\",\"name\":\"Le Blog\",\"url\":\"https:\\\/\\\/statut-juridique-entreprise.fr\\\/blog\\\/\",\"logo\":{\"@type\":\"ImageObject\",\"inLanguage\":\"fr-FR\",\"@id\":\"https:\\\/\\\/statut-juridique-entreprise.fr\\\/blog\\\/#\\\/schema\\\/logo\\\/image\\\/\",\"url\":\"https:\\\/\\\/statut-juridique-entreprise.fr\\\/blog\\\/wp-content\\\/uploads\\\/2026\\\/02\\\/cropped-favicon-statut-juridique-entreprise.png\",\"contentUrl\":\"https:\\\/\\\/statut-juridique-entreprise.fr\\\/blog\\\/wp-content\\\/uploads\\\/2026\\\/02\\\/cropped-favicon-statut-juridique-entreprise.png\",\"width\":511,\"height\":512,\"caption\":\"Le Blog\"},\"image\":{\"@id\":\"https:\\\/\\\/statut-juridique-entreprise.fr\\\/blog\\\/#\\\/schema\\\/logo\\\/image\\\/\"}}]}<\/script>\n<!-- \/ Yoast SEO plugin. -->","yoast_head_json":{"title":"\u25b7 Mentions l\u00e9gales","description":"Page des mentions l\u00e9gales","robots":{"index":"index","follow":"nofollow","max-snippet":"max-snippet:-1","max-image-preview":"max-image-preview:large","max-video-preview":"max-video-preview:-1"},"canonical":"https:\/\/statut-juridique-entreprise.fr\/blog\/mentions-legales\/","og_locale":"fr_FR","og_type":"article","og_title":"\u25b7 Mentions l\u00e9gales","og_description":"Page des mentions l\u00e9gales","og_url":"https:\/\/statut-juridique-entreprise.fr\/blog\/mentions-legales\/","og_site_name":"Le Blog","article_modified_time":"2025-06-24T16:18:56+00:00","twitter_card":"summary_large_image","twitter_misc":{"Dur\u00e9e de lecture estim\u00e9e":"2 minutes"},"schema":{"@context":"https:\/\/schema.org","@graph":[{"@type":"WebPage","@id":"https:\/\/statut-juridique-entreprise.fr\/blog\/mentions-legales\/","url":"https:\/\/statut-juridique-entreprise.fr\/blog\/mentions-legales\/","name":"\u25b7 Mentions l\u00e9gales","isPartOf":{"@id":"https:\/\/statut-juridique-entreprise.fr\/blog\/#website"},"datePublished":"2025-06-24T16:14:21+00:00","dateModified":"2025-06-24T16:18:56+00:00","description":"Page des mentions l\u00e9gales","breadcrumb":{"@id":"https:\/\/statut-juridique-entreprise.fr\/blog\/mentions-legales\/#breadcrumb"},"inLanguage":"fr-FR","potentialAction":[{"@type":"ReadAction","target":["https:\/\/statut-juridique-entreprise.fr\/blog\/mentions-legales\/"]}]},{"@type":"BreadcrumbList","@id":"https:\/\/statut-juridique-entreprise.fr\/blog\/mentions-legales\/#breadcrumb","itemListElement":[{"@type":"ListItem","position":1,"name":"Accueil","item":"https:\/\/statut-juridique-entreprise.fr\/blog\/"},{"@type":"ListItem","position":2,"name":"Mentions l\u00e9gales"}]},{"@type":"WebSite","@id":"https:\/\/statut-juridique-entreprise.fr\/blog\/#website","url":"https:\/\/statut-juridique-entreprise.fr\/blog\/","name":"Le Blog","description":"Choisir le bon statut juridique","publisher":{"@id":"https:\/\/statut-juridique-entreprise.fr\/blog\/#organization"},"potentialAction":[{"@type":"SearchAction","target":{"@type":"EntryPoint","urlTemplate":"https:\/\/statut-juridique-entreprise.fr\/blog\/?s={search_term_string}"},"query-input":{"@type":"PropertyValueSpecification","valueRequired":true,"valueName":"search_term_string"}}],"inLanguage":"fr-FR"},{"@type":"Organization","@id":"https:\/\/statut-juridique-entreprise.fr\/blog\/#organization","name":"Le Blog","url":"https:\/\/statut-juridique-entreprise.fr\/blog\/","logo":{"@type":"ImageObject","inLanguage":"fr-FR","@id":"https:\/\/statut-juridique-entreprise.fr\/blog\/#\/schema\/logo\/image\/","url":"https:\/\/statut-juridique-entreprise.fr\/blog\/wp-content\/uploads\/2026\/02\/cropped-favicon-statut-juridique-entreprise.png","contentUrl":"https:\/\/statut-juridique-entreprise.fr\/blog\/wp-content\/uploads\/2026\/02\/cropped-favicon-statut-juridique-entreprise.png","width":511,"height":512,"caption":"Le Blog"},"image":{"@id":"https:\/\/statut-juridique-entreprise.fr\/blog\/#\/schema\/logo\/image\/"}}]}},"_links":{"self":[{"href":"https:\/\/statut-juridique-entreprise.fr\/blog\/wp-json\/wp\/v2\/pages\/4261","targetHints":{"allow":["GET"]}}],"collection":[{"href":"https:\/\/statut-juridique-entreprise.fr\/blog\/wp-json\/wp\/v2\/pages"}],"about":[{"href":"https:\/\/statut-juridique-entreprise.fr\/blog\/wp-json\/wp\/v2\/types\/page"}],"author":[{"embeddable":true,"href":"https:\/\/statut-juridique-entreprise.fr\/blog\/wp-json\/wp\/v2\/users\/2"}],"replies":[{"embeddable":true,"href":"https:\/\/statut-juridique-entreprise.fr\/blog\/wp-json\/wp\/v2\/comments?post=4261"}],"version-history":[{"count":1,"href":"https:\/\/statut-juridique-entreprise.fr\/blog\/wp-json\/wp\/v2\/pages\/4261\/revisions"}],"predecessor-version":[{"id":4262,"href":"https:\/\/statut-juridique-entreprise.fr\/blog\/wp-json\/wp\/v2\/pages\/4261\/revisions\/4262"}],"wp:attachment":[{"href":"https:\/\/statut-juridique-entreprise.fr\/blog\/wp-json\/wp\/v2\/media?parent=4261"}],"curies":[{"name":"wp","href":"https:\/\/api.w.org\/{rel}","templated":true}]}}