{"id":3885,"date":"2025-03-15T21:41:57","date_gmt":"2025-03-15T20:41:57","guid":{"rendered":"https:\/\/unpoidsenmoins.com\/?page_id=3885"},"modified":"2025-06-05T12:48:02","modified_gmt":"2025-06-05T10:48:02","slug":"plan-site","status":"publish","type":"page","link":"https:\/\/statut-juridique-entreprise.fr\/blog\/plan-site\/","title":{"rendered":"Plan du site"},"content":{"rendered":"\n<div class=\"wsp-container\"><h2 class=\"wsp-pages-title\">Pages<\/h2>\n<ul class=\"wsp-pages-list\">\n<li class=\"page_item page-item-4199 current_page_parent\"><a href=\"https:\/\/statut-juridique-entreprise.fr\/blog\/actus\/\">Actus<\/a><\/li>\n<li class=\"page_item page-item-1455\"><a href=\"https:\/\/statut-juridique-entreprise.fr\/blog\/contact-us\/\">Contact<\/a><\/li>\n<li class=\"page_item page-item-4261\"><a href=\"https:\/\/statut-juridique-entreprise.fr\/blog\/mentions-legales\/\">Mentions l\u00e9gales<\/a><\/li>\n<li class=\"page_item page-item-3885\"><a href=\"https:\/\/statut-juridique-entreprise.fr\/blog\/plan-site\/\">Plan du site<\/a><\/li>\n<li class=\"page_item page-item-4248\"><a href=\"https:\/\/statut-juridique-entreprise.fr\/blog\/privacy-policy\/\">Politique de confidentialit\u00e9 (Privacy Policy)<\/a><\/li>\n<li class=\"page_item page-item-6\"><a href=\"https:\/\/statut-juridique-entreprise.fr\/blog\/\">Statut Juridique Entreprise | Le blog<\/a><\/li>\n<\/ul>\n<h2 class=\"wsp-posts-title\">Articles par cat\u00e9gorie<\/h2>\n<ul class=\"wsp-posts-list\">\n\t<li><strong class=\"wsp-category-title\">Cat\u00e9gorie\u00a0: <a href=\"https:\/\/statut-juridique-entreprise.fr\/blog\/cfe\/\">CFE<\/a><\/strong>\n<ul class=\"wsp-posts-list\">\t\t<li class=\"wsp-post\"><a href=\"https:\/\/statut-juridique-entreprise.fr\/blog\/quest-ce-que-la-cfe-definition-et-fonctionnement\/\">Qu&rsquo;est-ce que la CFE ? D\u00e9finition et fonctionnement<\/a><\/li>\n<\/ul><\/li>\n\t<li><strong class=\"wsp-category-title\">Cat\u00e9gorie\u00a0: <a href=\"https:\/\/statut-juridique-entreprise.fr\/blog\/changer-de-statut\/\">Changer de statut<\/a><\/strong>\n<ul class=\"wsp-posts-list\">\t\t<li class=\"wsp-post\"><a href=\"https:\/\/statut-juridique-entreprise.fr\/blog\/peut-on-avoir-plusieurs-auto-entreprises-en-meme-temps\/\">Peut-on avoir plusieurs auto-entreprises en m\u00eame temps ?<\/a><\/li>\n<\/ul><\/li>\n\t<li><strong class=\"wsp-category-title\">Cat\u00e9gorie\u00a0: <a href=\"https:\/\/statut-juridique-entreprise.fr\/blog\/comparatif-statut\/\">Comparatif Statut<\/a><\/strong>\n<ul class=\"wsp-posts-list\">\t\t<li class=\"wsp-post\"><a href=\"https:\/\/statut-juridique-entreprise.fr\/blog\/quelle-est-la-difference-entre-eurl-et-sasu\/\">Quelle est la diff\u00e9rence entre EURL et SASU ?<\/a><\/li>\n\t\t<li class=\"wsp-post\"><a href=\"https:\/\/statut-juridique-entreprise.fr\/blog\/quel-statut-choisir-entre-auto-entrepreneur-et-entreprise-individuelle\/\">Quel statut choisir entre auto-entrepreneur et entreprise individuelle ?<\/a><\/li>\n\t\t<li class=\"wsp-post\"><a href=\"https:\/\/statut-juridique-entreprise.fr\/blog\/quelle-est-la-difference-entre-micro-entreprise-et-auto-entrepreneur\/\">Quelle est la diff\u00e9rence entre micro-entreprise et auto-entrepreneur ?<\/a><\/li>\n\t\t<li class=\"wsp-post\"><a href=\"https:\/\/statut-juridique-entreprise.fr\/blog\/quelle-est-la-difference-entre-une-sa-et-une-sas\/\">Quelle est la diff\u00e9rence entre une SA et une SAS ?<\/a><\/li>\n<\/ul><\/li>\n\t<li><strong class=\"wsp-category-title\">Cat\u00e9gorie\u00a0: <a href=\"https:\/\/statut-juridique-entreprise.fr\/blog\/earl\/\">EARL<\/a><\/strong>\n<ul class=\"wsp-posts-list\">\t\t<li class=\"wsp-post\"><a href=\"https:\/\/statut-juridique-entreprise.fr\/blog\/quest-ce-que-ca-veut-dire-earl\/\">Qu&rsquo;est-ce que \u00e7a veut dire EARL ?<\/a><\/li>\n<\/ul><\/li>\n\t<li><strong class=\"wsp-category-title\">Cat\u00e9gorie\u00a0: <a href=\"https:\/\/statut-juridique-entreprise.fr\/blog\/ei\/\">EI<\/a><\/strong>\n<ul class=\"wsp-posts-list\">\t\t<li class=\"wsp-post\"><a href=\"https:\/\/statut-juridique-entreprise.fr\/blog\/leirl-definition-fonctionnement-et-creation\/\">L&rsquo;EIRL : d\u00e9finition, fonctionnement et cr\u00e9ation<\/a><\/li>\n\t\t<li class=\"wsp-post\"><a href=\"https:\/\/statut-juridique-entreprise.fr\/blog\/quels-sont-les-avantages-et-inconvenients-de-lentreprise-individuelle\/\">Quels sont les avantages et inconv\u00e9nients de l&rsquo;entreprise individuelle ?<\/a><\/li>\n\t\t<li class=\"wsp-post\"><a href=\"https:\/\/statut-juridique-entreprise.fr\/blog\/comment-creer-une-entreprise-individuelle-en-france\/\">Comment cr\u00e9er une entreprise individuelle en France ?<\/a><\/li>\n\t\t<li class=\"wsp-post\"><a href=\"https:\/\/statut-juridique-entreprise.fr\/blog\/quest-ce-que-lentreprise-individuelle-definition-et-fonctionnement\/\">Qu&rsquo;est-ce que l&rsquo;entreprise individuelle ? D\u00e9finition et fonctionnement<\/a><\/li>\n<\/ul><\/li>\n\t<li><strong class=\"wsp-category-title\">Cat\u00e9gorie\u00a0: <a href=\"https:\/\/statut-juridique-entreprise.fr\/blog\/eurl\/\">EURL<\/a><\/strong>\n<ul class=\"wsp-posts-list\">\t\t<li class=\"wsp-post\"><a href=\"https:\/\/statut-juridique-entreprise.fr\/blog\/comment-creer-une-eurl-seul\/\">Comment cr\u00e9er une EURL seul ?<\/a><\/li>\n\t\t<li class=\"wsp-post\"><a href=\"https:\/\/statut-juridique-entreprise.fr\/blog\/que-veut-dire-eurl-signification-detaillee\/\">Que veut dire EURL ? Signification d\u00e9taill\u00e9e<\/a><\/li>\n\t\t<li class=\"wsp-post\"><a href=\"https:\/\/statut-juridique-entreprise.fr\/blog\/quest-ce-quune-eurl-definition-complete\/\">Qu&rsquo;est-ce qu&rsquo;une EURL ? D\u00e9finition compl\u00e8te<\/a><\/li>\n\t\t<li class=\"wsp-post\"><a href=\"https:\/\/statut-juridique-entreprise.fr\/blog\/quest-ce-quune-sarl-unipersonnelle-eurl\/\">Qu&rsquo;est-ce qu&rsquo;une SARL unipersonnelle (EURL) ?<\/a><\/li>\n<\/ul><\/li>\n\t<li><strong class=\"wsp-category-title\">Cat\u00e9gorie\u00a0: <a href=\"https:\/\/statut-juridique-entreprise.fr\/blog\/micro-entreprise\/\">Micro entreprise<\/a><\/strong>\n<ul class=\"wsp-posts-list\">\t\t<li class=\"wsp-post\"><a href=\"https:\/\/statut-juridique-entreprise.fr\/blog\/comment-radier-une-micro-entreprise\/\">Comment radier une micro-entreprise ?<\/a><\/li>\n\t\t<li class=\"wsp-post\"><a href=\"https:\/\/statut-juridique-entreprise.fr\/blog\/comment-ouvrir-son-auto-entreprise-sans-argent\/\">Comment ouvrir son auto-entreprise sans argent ?<\/a><\/li>\n\t\t<li class=\"wsp-post\"><a href=\"https:\/\/statut-juridique-entreprise.fr\/blog\/comment-devenir-micro-entrepreneur-quand-on-est-salarie\/\">Comment devenir micro-entrepreneur quand on est salari\u00e9 ?<\/a><\/li>\n\t\t<li class=\"wsp-post\"><a href=\"https:\/\/statut-juridique-entreprise.fr\/blog\/comment-creer-sa-micro-entreprise-en-ligne-etape-par-etape\/\">Comment cr\u00e9er sa micro-entreprise en ligne \u00e9tape par \u00e9tape ?<\/a><\/li>\n\t\t<li class=\"wsp-post\"><a href=\"https:\/\/statut-juridique-entreprise.fr\/blog\/combien-de-salaries-peut-on-embaucher-en-micro-entreprise\/\">Combien de salari\u00e9s peut-on embaucher en micro-entreprise ?<\/a><\/li>\n\t\t<li class=\"wsp-post\"><a href=\"https:\/\/statut-juridique-entreprise.fr\/blog\/quel-est-le-plafond-de-chiffre-daffaires-pour-une-micro-entreprise\/\">Quel est le plafond de chiffre d&rsquo;affaires pour une micro-entreprise ?<\/a><\/li>\n\t\t<li class=\"wsp-post\"><a href=\"https:\/\/statut-juridique-entreprise.fr\/blog\/comment-sinscrire-en-tant-quauto-entrepreneur\/\">Comment s&rsquo;inscrire en tant qu&rsquo;auto-entrepreneur ?<\/a><\/li>\n\t\t<li class=\"wsp-post\"><a href=\"https:\/\/statut-juridique-entreprise.fr\/blog\/comment-devenir-auto-entrepreneur-en-france-guide-pas-a-pas\/\">Comment devenir auto-entrepreneur en France ? Guide pas \u00e0 pas<\/a><\/li>\n<\/ul><\/li>\n\t<li><strong class=\"wsp-category-title\">Cat\u00e9gorie\u00a0: <a href=\"https:\/\/statut-juridique-entreprise.fr\/blog\/sarl\/\">SARL<\/a><\/strong>\n<ul class=\"wsp-posts-list\">\t\t<li class=\"wsp-post\"><a href=\"https:\/\/statut-juridique-entreprise.fr\/blog\/quelle-est-la-difference-entre-une-sarl-et-une-sa\/\">Quelle est la diff\u00e9rence entre une SARL et une SA ?<\/a><\/li>\n\t\t<li class=\"wsp-post\"><a href=\"https:\/\/statut-juridique-entreprise.fr\/blog\/pourquoi-choisir-une-sarl-plutot-quune-autre-forme-juridique\/\">Pourquoi choisir une SARL plut\u00f4t qu&rsquo;une autre forme juridique ?<\/a><\/li>\n\t\t<li class=\"wsp-post\"><a href=\"https:\/\/statut-juridique-entreprise.fr\/blog\/comment-creer-une-sarl-etape-par-etape\/\">Comment cr\u00e9er une SARL \u00e9tape par \u00e9tape ?<\/a><\/li>\n\t\t<li class=\"wsp-post\"><a href=\"https:\/\/statut-juridique-entreprise.fr\/blog\/que-veut-dire-sarl-signification-et-explication\/\">Que veut dire SARL ? Signification et explication<\/a><\/li>\n\t\t<li class=\"wsp-post\"><a href=\"https:\/\/statut-juridique-entreprise.fr\/blog\/quest-ce-quune-sarl-definition-et-caracteristiques\/\">Qu&rsquo;est-ce qu&rsquo;une SARL ? D\u00e9finition et caract\u00e9ristiques<\/a><\/li>\n<\/ul><\/li>\n\t<li><strong class=\"wsp-category-title\">Cat\u00e9gorie\u00a0: <a href=\"https:\/\/statut-juridique-entreprise.fr\/blog\/sasu\/\">SAS - SASU<\/a><\/strong>\n<ul class=\"wsp-posts-list\">\t\t<li class=\"wsp-post\"><a href=\"https:\/\/statut-juridique-entreprise.fr\/blog\/quest-ce-quune-sasu-definition-pour-les-debutants\/\">Qu&rsquo;est-ce qu&rsquo;une SASU ? D\u00e9finition pour les d\u00e9butants<\/a><\/li>\n\t\t<li class=\"wsp-post\"><a href=\"https:\/\/statut-juridique-entreprise.fr\/blog\/que-veut-dire-sas-signification-et-explications\/\">Que veut dire SAS ? Signification et explications<\/a><\/li>\n\t\t<li class=\"wsp-post\"><a href=\"https:\/\/statut-juridique-entreprise.fr\/blog\/quest-ce-quune-sas-definition-et-fonctionnement\/\">Qu&rsquo;est-ce qu&rsquo;une SAS ? D\u00e9finition et fonctionnement<\/a><\/li>\n<\/ul><\/li>\n\t<li><strong class=\"wsp-category-title\">Cat\u00e9gorie\u00a0: <a href=\"https:\/\/statut-juridique-entreprise.fr\/blog\/snc\/\">SNC<\/a><\/strong>\n<ul class=\"wsp-posts-list\">\t\t<li class=\"wsp-post\"><a href=\"https:\/\/statut-juridique-entreprise.fr\/blog\/quest-ce-quune-snc-definition-et-caracteristiques\/\">Qu&rsquo;est-ce qu&rsquo;une SNC ? D\u00e9finition et caract\u00e9ristiques<\/a><\/li>\n<\/ul><\/li>\n\t<li><strong class=\"wsp-category-title\">Cat\u00e9gorie\u00a0: <a href=\"https:\/\/statut-juridique-entreprise.fr\/blog\/statut-juridique\/\">Statut juridique<\/a><\/strong>\n<ul class=\"wsp-posts-list\">\t\t<li class=\"wsp-post\"><a href=\"https:\/\/statut-juridique-entreprise.fr\/blog\/quelle-est-la-difference-entre-ei-et-eirl\/\">Quelle est la diff\u00e9rence entre EI et EIRL ?<\/a><\/li>\n\t\t<li class=\"wsp-post\"><a href=\"https:\/\/statut-juridique-entreprise.fr\/blog\/quelle-est-la-definition-exacte-de-lauto-entrepreneur\/\">Quelle est la d\u00e9finition exacte de l&rsquo;auto-entrepreneur ?<\/a><\/li>\n\t\t<li class=\"wsp-post\"><a href=\"https:\/\/statut-juridique-entreprise.fr\/blog\/quels-sont-les-criteres-pour-choisir-son-statut-dentreprise\/\">Quels sont les crit\u00e8res pour choisir son statut d&rsquo;entreprise ?<\/a><\/li>\n\t\t<li class=\"wsp-post\"><a href=\"https:\/\/statut-juridique-entreprise.fr\/blog\/quest-ce-quune-entite-juridique-definition-et-exemples\/\">Qu&rsquo;est-ce qu&rsquo;une entit\u00e9 juridique ? D\u00e9finition et exemples<\/a><\/li>\n\t\t<li class=\"wsp-post\"><a href=\"https:\/\/statut-juridique-entreprise.fr\/blog\/quelle-est-la-difference-entre-une-forme-juridique-et-un-statut-juridique\/\">Quelle est la diff\u00e9rence entre une forme juridique et un statut juridique ?<\/a><\/li>\n\t\t<li class=\"wsp-post\"><a href=\"https:\/\/statut-juridique-entreprise.fr\/blog\/comment-choisir-le-bon-statut-juridique-pour-son-entreprise\/\">Comment choisir le bon statut juridique pour son entreprise ?<\/a><\/li>\n\t\t<li class=\"wsp-post\"><a href=\"https:\/\/statut-juridique-entreprise.fr\/blog\/quels-sont-les-differents-statuts-juridiques-pour-une-entreprise-en-france\/\">Quels sont les diff\u00e9rents statuts juridiques pour une entreprise en France ?<\/a><\/li>\n\t\t<li class=\"wsp-post\"><a href=\"https:\/\/statut-juridique-entreprise.fr\/blog\/quest-ce-quun-statut-juridique-dentreprise-definition-complete\/\">Qu&rsquo;est-ce qu&rsquo;un statut juridique d&rsquo;entreprise ? D\u00e9finition compl\u00e8te<\/a><\/li>\n<\/ul><\/li>\n\t<li><strong class=\"wsp-category-title\">Cat\u00e9gorie\u00a0: <a href=\"https:\/\/statut-juridique-entreprise.fr\/blog\/urssaf\/\">URSSAF<\/a><\/strong>\n<ul class=\"wsp-posts-list\">\t\t<li class=\"wsp-post\"><a href=\"https:\/\/statut-juridique-entreprise.fr\/blog\/quest-ce-que-lurssaf-definition-et-role\/\">Qu&rsquo;est-ce que l&rsquo;URSSAF ? D\u00e9finition et r\u00f4le<\/a><\/li>\n<\/ul><\/li>\n<\/ul>\n<\/div>\n","protected":false},"excerpt":{"rendered":"","protected":false},"author":2,"featured_media":0,"parent":0,"menu_order":0,"comment_status":"closed","ping_status":"closed","template":"","meta":{"_kadence_starter_templates_imported_post":false,"_kad_post_transparent":"","_kad_post_title":"","_kad_post_layout":"","_kad_post_sidebar_id":"","_kad_post_content_style":"","_kad_post_vertical_padding":"","_kad_post_feature":"","_kad_post_feature_position":"","_kad_post_header":false,"_kad_post_footer":false,"_kad_post_classname":"","footnotes":""},"class_list":["post-3885","page","type-page","status-publish","hentry"],"yoast_head":"<!-- This site is optimized with the Yoast SEO plugin v27.3 - https:\/\/yoast.com\/product\/yoast-seo-wordpress\/ -->\n<title>\u25b7 Plan du site<\/title>\n<meta name=\"robots\" content=\"index, follow, max-snippet:-1, max-image-preview:large, max-video-preview:-1\" \/>\n<link rel=\"canonical\" href=\"https:\/\/statut-juridique-entreprise.fr\/blog\/plan-site\/\" \/>\n<meta property=\"og:locale\" content=\"fr_FR\" \/>\n<meta property=\"og:type\" content=\"article\" \/>\n<meta property=\"og:title\" content=\"\u25b7 Plan du site\" \/>\n<meta property=\"og:url\" content=\"https:\/\/statut-juridique-entreprise.fr\/blog\/plan-site\/\" \/>\n<meta property=\"og:site_name\" content=\"Le Blog\" \/>\n<meta property=\"article:modified_time\" content=\"2025-06-05T10:48:02+00:00\" \/>\n<meta name=\"twitter:card\" content=\"summary_large_image\" \/>\n<meta name=\"twitter:label1\" content=\"Dur\u00e9e de lecture estim\u00e9e\" \/>\n\t<meta name=\"twitter:data1\" content=\"1 minute\" \/>\n<script type=\"application\/ld+json\" class=\"yoast-schema-graph\">{\"@context\":\"https:\\\/\\\/schema.org\",\"@graph\":[{\"@type\":\"WebPage\",\"@id\":\"https:\\\/\\\/statut-juridique-entreprise.fr\\\/blog\\\/plan-site\\\/\",\"url\":\"https:\\\/\\\/statut-juridique-entreprise.fr\\\/blog\\\/plan-site\\\/\",\"name\":\"\u25b7 Plan du site\",\"isPartOf\":{\"@id\":\"https:\\\/\\\/statut-juridique-entreprise.fr\\\/blog\\\/#website\"},\"datePublished\":\"2025-03-15T20:41:57+00:00\",\"dateModified\":\"2025-06-05T10:48:02+00:00\",\"breadcrumb\":{\"@id\":\"https:\\\/\\\/statut-juridique-entreprise.fr\\\/blog\\\/plan-site\\\/#breadcrumb\"},\"inLanguage\":\"fr-FR\",\"potentialAction\":[{\"@type\":\"ReadAction\",\"target\":[\"https:\\\/\\\/statut-juridique-entreprise.fr\\\/blog\\\/plan-site\\\/\"]}]},{\"@type\":\"BreadcrumbList\",\"@id\":\"https:\\\/\\\/statut-juridique-entreprise.fr\\\/blog\\\/plan-site\\\/#breadcrumb\",\"itemListElement\":[{\"@type\":\"ListItem\",\"position\":1,\"name\":\"Accueil\",\"item\":\"https:\\\/\\\/statut-juridique-entreprise.fr\\\/blog\\\/\"},{\"@type\":\"ListItem\",\"position\":2,\"name\":\"Plan du site\"}]},{\"@type\":\"WebSite\",\"@id\":\"https:\\\/\\\/statut-juridique-entreprise.fr\\\/blog\\\/#website\",\"url\":\"https:\\\/\\\/statut-juridique-entreprise.fr\\\/blog\\\/\",\"name\":\"Le Blog\",\"description\":\"Choisir le bon statut juridique\",\"publisher\":{\"@id\":\"https:\\\/\\\/statut-juridique-entreprise.fr\\\/blog\\\/#organization\"},\"potentialAction\":[{\"@type\":\"SearchAction\",\"target\":{\"@type\":\"EntryPoint\",\"urlTemplate\":\"https:\\\/\\\/statut-juridique-entreprise.fr\\\/blog\\\/?s={search_term_string}\"},\"query-input\":{\"@type\":\"PropertyValueSpecification\",\"valueRequired\":true,\"valueName\":\"search_term_string\"}}],\"inLanguage\":\"fr-FR\"},{\"@type\":\"Organization\",\"@id\":\"https:\\\/\\\/statut-juridique-entreprise.fr\\\/blog\\\/#organization\",\"name\":\"Le Blog\",\"url\":\"https:\\\/\\\/statut-juridique-entreprise.fr\\\/blog\\\/\",\"logo\":{\"@type\":\"ImageObject\",\"inLanguage\":\"fr-FR\",\"@id\":\"https:\\\/\\\/statut-juridique-entreprise.fr\\\/blog\\\/#\\\/schema\\\/logo\\\/image\\\/\",\"url\":\"https:\\\/\\\/statut-juridique-entreprise.fr\\\/blog\\\/wp-content\\\/uploads\\\/2026\\\/02\\\/cropped-favicon-statut-juridique-entreprise.png\",\"contentUrl\":\"https:\\\/\\\/statut-juridique-entreprise.fr\\\/blog\\\/wp-content\\\/uploads\\\/2026\\\/02\\\/cropped-favicon-statut-juridique-entreprise.png\",\"width\":511,\"height\":512,\"caption\":\"Le Blog\"},\"image\":{\"@id\":\"https:\\\/\\\/statut-juridique-entreprise.fr\\\/blog\\\/#\\\/schema\\\/logo\\\/image\\\/\"}}]}<\/script>\n<!-- \/ Yoast SEO plugin. -->","yoast_head_json":{"title":"\u25b7 Plan du site","robots":{"index":"index","follow":"follow","max-snippet":"max-snippet:-1","max-image-preview":"max-image-preview:large","max-video-preview":"max-video-preview:-1"},"canonical":"https:\/\/statut-juridique-entreprise.fr\/blog\/plan-site\/","og_locale":"fr_FR","og_type":"article","og_title":"\u25b7 Plan du site","og_url":"https:\/\/statut-juridique-entreprise.fr\/blog\/plan-site\/","og_site_name":"Le Blog","article_modified_time":"2025-06-05T10:48:02+00:00","twitter_card":"summary_large_image","twitter_misc":{"Dur\u00e9e de lecture estim\u00e9e":"1 minute"},"schema":{"@context":"https:\/\/schema.org","@graph":[{"@type":"WebPage","@id":"https:\/\/statut-juridique-entreprise.fr\/blog\/plan-site\/","url":"https:\/\/statut-juridique-entreprise.fr\/blog\/plan-site\/","name":"\u25b7 Plan du site","isPartOf":{"@id":"https:\/\/statut-juridique-entreprise.fr\/blog\/#website"},"datePublished":"2025-03-15T20:41:57+00:00","dateModified":"2025-06-05T10:48:02+00:00","breadcrumb":{"@id":"https:\/\/statut-juridique-entreprise.fr\/blog\/plan-site\/#breadcrumb"},"inLanguage":"fr-FR","potentialAction":[{"@type":"ReadAction","target":["https:\/\/statut-juridique-entreprise.fr\/blog\/plan-site\/"]}]},{"@type":"BreadcrumbList","@id":"https:\/\/statut-juridique-entreprise.fr\/blog\/plan-site\/#breadcrumb","itemListElement":[{"@type":"ListItem","position":1,"name":"Accueil","item":"https:\/\/statut-juridique-entreprise.fr\/blog\/"},{"@type":"ListItem","position":2,"name":"Plan du site"}]},{"@type":"WebSite","@id":"https:\/\/statut-juridique-entreprise.fr\/blog\/#website","url":"https:\/\/statut-juridique-entreprise.fr\/blog\/","name":"Le Blog","description":"Choisir le bon statut juridique","publisher":{"@id":"https:\/\/statut-juridique-entreprise.fr\/blog\/#organization"},"potentialAction":[{"@type":"SearchAction","target":{"@type":"EntryPoint","urlTemplate":"https:\/\/statut-juridique-entreprise.fr\/blog\/?s={search_term_string}"},"query-input":{"@type":"PropertyValueSpecification","valueRequired":true,"valueName":"search_term_string"}}],"inLanguage":"fr-FR"},{"@type":"Organization","@id":"https:\/\/statut-juridique-entreprise.fr\/blog\/#organization","name":"Le Blog","url":"https:\/\/statut-juridique-entreprise.fr\/blog\/","logo":{"@type":"ImageObject","inLanguage":"fr-FR","@id":"https:\/\/statut-juridique-entreprise.fr\/blog\/#\/schema\/logo\/image\/","url":"https:\/\/statut-juridique-entreprise.fr\/blog\/wp-content\/uploads\/2026\/02\/cropped-favicon-statut-juridique-entreprise.png","contentUrl":"https:\/\/statut-juridique-entreprise.fr\/blog\/wp-content\/uploads\/2026\/02\/cropped-favicon-statut-juridique-entreprise.png","width":511,"height":512,"caption":"Le Blog"},"image":{"@id":"https:\/\/statut-juridique-entreprise.fr\/blog\/#\/schema\/logo\/image\/"}}]}},"_links":{"self":[{"href":"https:\/\/statut-juridique-entreprise.fr\/blog\/wp-json\/wp\/v2\/pages\/3885","targetHints":{"allow":["GET"]}}],"collection":[{"href":"https:\/\/statut-juridique-entreprise.fr\/blog\/wp-json\/wp\/v2\/pages"}],"about":[{"href":"https:\/\/statut-juridique-entreprise.fr\/blog\/wp-json\/wp\/v2\/types\/page"}],"author":[{"embeddable":true,"href":"https:\/\/statut-juridique-entreprise.fr\/blog\/wp-json\/wp\/v2\/users\/2"}],"replies":[{"embeddable":true,"href":"https:\/\/statut-juridique-entreprise.fr\/blog\/wp-json\/wp\/v2\/comments?post=3885"}],"version-history":[{"count":1,"href":"https:\/\/statut-juridique-entreprise.fr\/blog\/wp-json\/wp\/v2\/pages\/3885\/revisions"}],"predecessor-version":[{"id":3886,"href":"https:\/\/statut-juridique-entreprise.fr\/blog\/wp-json\/wp\/v2\/pages\/3885\/revisions\/3886"}],"wp:attachment":[{"href":"https:\/\/statut-juridique-entreprise.fr\/blog\/wp-json\/wp\/v2\/media?parent=3885"}],"curies":[{"name":"wp","href":"https:\/\/api.w.org\/{rel}","templated":true}]}}